{"id":31,"date":"2020-04-13T11:18:52","date_gmt":"2020-04-13T11:18:52","guid":{"rendered":"http:\/\/todoagricola.es\/blog\/about-2\/"},"modified":"2021-05-06T00:31:04","modified_gmt":"2021-05-06T00:31:04","slug":"nosotros","status":"publish","type":"page","link":"https:\/\/todoagricola.es\/blog\/nosotros\/","title":{"rendered":"Nosotros"},"content":{"rendered":"\t\t<div data-elementor-type=\"wp-page\" data-elementor-id=\"31\" class=\"elementor elementor-31\" data-elementor-settings=\"[]\">\n\t\t\t\t\t\t<div class=\"elementor-inner\">\n\t\t\t\t\t\t\t<div class=\"elementor-section-wrap\">\n\t\t\t\t\t\t\t<section class=\"elementor-section elementor-top-section elementor-element elementor-element-5131a13e elementor-section-boxed elementor-section-height-default elementor-section-height-default\" data-id=\"5131a13e\" data-element_type=\"section\" data-settings=\"{&quot;background_background&quot;:&quot;classic&quot;}\">\n\t\t\t\t\t\t\t<div class=\"elementor-background-overlay\"><\/div>\n\t\t\t\t\t\t\t<div class=\"elementor-container elementor-column-gap-default\">\n\t\t\t\t\t\t\t<div class=\"elementor-row\">\n\t\t\t\t\t<div class=\"elementor-column elementor-col-100 elementor-top-column elementor-element elementor-element-1053ca7a\" data-id=\"1053ca7a\" data-element_type=\"column\">\n\t\t\t<div class=\"elementor-column-wrap elementor-element-populated\">\n\t\t\t\t\t\t\t<div class=\"elementor-widget-wrap\">\n\t\t\t\t\t\t<div class=\"elementor-element elementor-element-3d99e122 elementor-widget elementor-widget-heading\" data-id=\"3d99e122\" data-element_type=\"widget\" data-widget_type=\"heading.default\">\n\t\t\t\t<div class=\"elementor-widget-container\">\n\t\t\t<h1 class=\"elementor-heading-title elementor-size-default\">Sobre nosotros<\/h1>\t\t<\/div>\n\t\t\t\t<\/div>\n\t\t\t\t\t\t<\/div>\n\t\t\t\t\t<\/div>\n\t\t<\/div>\n\t\t\t\t\t\t\t\t<\/div>\n\t\t\t\t\t<\/div>\n\t\t<\/section>\n\t\t\t\t<section class=\"elementor-section elementor-top-section elementor-element elementor-element-40177ae0 elementor-section-boxed elementor-section-height-default elementor-section-height-default\" data-id=\"40177ae0\" data-element_type=\"section\">\n\t\t\t\t\t\t<div class=\"elementor-container elementor-column-gap-no\">\n\t\t\t\t\t\t\t<div class=\"elementor-row\">\n\t\t\t\t\t<div class=\"elementor-column elementor-col-50 elementor-top-column elementor-element elementor-element-2828f573\" data-id=\"2828f573\" data-element_type=\"column\">\n\t\t\t<div class=\"elementor-column-wrap elementor-element-populated\">\n\t\t\t\t\t\t\t<div class=\"elementor-widget-wrap\">\n\t\t\t\t\t\t<div class=\"elementor-element elementor-element-68afc23b elementor-widget elementor-widget-heading\" data-id=\"68afc23b\" data-element_type=\"widget\" data-widget_type=\"heading.default\">\n\t\t\t\t<div class=\"elementor-widget-container\">\n\t\t\t<h2 class=\"elementor-heading-title elementor-size-default\">Fundados en 1997<\/h2>\t\t<\/div>\n\t\t\t\t<\/div>\n\t\t\t\t<div class=\"elementor-element elementor-element-cfb92b7 elementor-widget elementor-widget-image\" data-id=\"cfb92b7\" data-element_type=\"widget\" data-widget_type=\"image.default\">\n\t\t\t\t<div class=\"elementor-widget-container\">\n\t\t\t\t\t\t\t\t<div class=\"elementor-image\">\n\t\t\t\t\t\t\t\t\t\t\t\t<img width=\"750\" height=\"500\" src=\"https:\/\/todoagricola.es\/blog\/wp-content\/uploads\/2021\/02\/instalaciones-todoagricola.jpg\" class=\"attachment-large size-large\" alt=\"\" decoding=\"async\" loading=\"lazy\" srcset=\"https:\/\/todoagricola.es\/blog\/wp-content\/uploads\/2021\/02\/instalaciones-todoagricola.jpg 750w, https:\/\/todoagricola.es\/blog\/wp-content\/uploads\/2021\/02\/instalaciones-todoagricola-300x200.jpg 300w\" sizes=\"(max-width: 750px) 100vw, 750px\" \/>\t\t\t\t\t\t\t\t\t\t\t\t\t\t<\/div>\n\t\t\t\t\t\t<\/div>\n\t\t\t\t<\/div>\n\t\t\t\t\t\t<\/div>\n\t\t\t\t\t<\/div>\n\t\t<\/div>\n\t\t\t\t<div class=\"elementor-column elementor-col-50 elementor-top-column elementor-element elementor-element-48096891\" data-id=\"48096891\" data-element_type=\"column\">\n\t\t\t<div class=\"elementor-column-wrap elementor-element-populated\">\n\t\t\t\t\t\t\t<div class=\"elementor-widget-wrap\">\n\t\t\t\t\t\t<div class=\"elementor-element elementor-element-44ce5982 elementor-widget elementor-widget-text-editor\" data-id=\"44ce5982\" data-element_type=\"widget\" data-widget_type=\"text-editor.default\">\n\t\t\t\t<div class=\"elementor-widget-container\">\n\t\t\t\t\t\t\t\t<div class=\"elementor-text-editor elementor-clearfix\">\n\t\t\t\t\t<p class=\"MsoNormal\">TODOAGRICOLA es el portal de Internet de Agroqu\u00edmicos Borrego S.L., empresa con m\u00e1s de 20 a\u00f1os de historia y dilatada experiencia en los campos de energ\u00edas renovables orientada tanto al sector agr\u00edcola para instalaciones de riego y bombeo solar, como para clientes particulares y su aplicaci\u00f3n a viviendas, edificios, naves industriales, piscinas, etc.<\/p>\t\t\t\t\t<\/div>\n\t\t\t\t\t\t<\/div>\n\t\t\t\t<\/div>\n\t\t\t\t<div class=\"elementor-element elementor-element-e56ab06 elementor-widget elementor-widget-text-editor\" data-id=\"e56ab06\" data-element_type=\"widget\" data-widget_type=\"text-editor.default\">\n\t\t\t\t<div class=\"elementor-widget-container\">\n\t\t\t\t\t\t\t\t<div class=\"elementor-text-editor elementor-clearfix\">\n\t\t\t\t\t<p>Para llevar a cabo esto contamos con un equipo de profesionales altamente cualificados que estudian las circunstancias de cada cliente y ofertarle la soluci\u00f3n que mejor se adapte a sus necesidades, ofreciendo el asesoramiento t\u00e9cnico que demande.<\/p><p>Como empresa fuertemente arraigada al sector agr\u00edcola y el medio rural, estamos especialmente comprometidos con la ecolog\u00eda, el medio ambiente y la sostenibilidad, apostando para ello desde hace a\u00f1os en las energ\u00edas renovables.<\/p><p>Prueba de ello son las m\u00e1s de 200 instalaciones fotovoltaicas realizadas en el medio rural, principalmente para el riego mediante bombeo solar e instalaciones aisladas para viviendas donde no llega la red el\u00e9ctrica.\u00a0<\/p>\t\t\t\t\t<\/div>\n\t\t\t\t\t\t<\/div>\n\t\t\t\t<\/div>\n\t\t\t\t\t\t<\/div>\n\t\t\t\t\t<\/div>\n\t\t<\/div>\n\t\t\t\t\t\t\t\t<\/div>\n\t\t\t\t\t<\/div>\n\t\t<\/section>\n\t\t\t\t<section class=\"elementor-section elementor-top-section elementor-element elementor-element-88095be elementor-section-boxed elementor-section-height-default elementor-section-height-default\" data-id=\"88095be\" data-element_type=\"section\" data-settings=\"{&quot;background_background&quot;:&quot;classic&quot;}\">\n\t\t\t\t\t\t<div class=\"elementor-container elementor-column-gap-no\">\n\t\t\t\t\t\t\t<div class=\"elementor-row\">\n\t\t\t\t\t<div class=\"elementor-column elementor-col-33 elementor-top-column elementor-element elementor-element-b59566c\" data-id=\"b59566c\" data-element_type=\"column\">\n\t\t\t<div class=\"elementor-column-wrap elementor-element-populated\">\n\t\t\t\t\t\t\t<div class=\"elementor-widget-wrap\">\n\t\t\t\t\t\t<div class=\"elementor-element elementor-element-08f8146 elementor-widget elementor-widget-heading\" data-id=\"08f8146\" data-element_type=\"widget\" data-widget_type=\"heading.default\">\n\t\t\t\t<div class=\"elementor-widget-container\">\n\t\t\t<h2 class=\"elementor-heading-title elementor-size-default\">Ahorro<\/h2>\t\t<\/div>\n\t\t\t\t<\/div>\n\t\t\t\t<div class=\"elementor-element elementor-element-22d806f elementor-widget elementor-widget-text-editor\" data-id=\"22d806f\" data-element_type=\"widget\" data-widget_type=\"text-editor.default\">\n\t\t\t\t<div class=\"elementor-widget-container\">\n\t\t\t\t\t\t\t\t<div class=\"elementor-text-editor elementor-clearfix\">\n\t\t\t\t\t<p>Nuestra prioridad es que el cliente ahorre lo m\u00e1ximo y rentabilice su instalaci\u00f3n en el menor tiempo posible.<br \/>La energ\u00eda fotovoltaica es una energ\u00eda limpia, renovable y ecol\u00f3gica que adem\u00e1s cuenta con subvenciones y ayudas que le ayudaremos a tramitar.<\/p>\t\t\t\t\t<\/div>\n\t\t\t\t\t\t<\/div>\n\t\t\t\t<\/div>\n\t\t\t\t\t\t<\/div>\n\t\t\t\t\t<\/div>\n\t\t<\/div>\n\t\t\t\t<div class=\"elementor-column elementor-col-33 elementor-top-column elementor-element elementor-element-bca9a20\" data-id=\"bca9a20\" data-element_type=\"column\">\n\t\t\t<div class=\"elementor-column-wrap elementor-element-populated\">\n\t\t\t\t\t\t\t<div class=\"elementor-widget-wrap\">\n\t\t\t\t\t\t<div class=\"elementor-element elementor-element-aa773a3 elementor-widget elementor-widget-heading\" data-id=\"aa773a3\" data-element_type=\"widget\" data-widget_type=\"heading.default\">\n\t\t\t\t<div class=\"elementor-widget-container\">\n\t\t\t<h2 class=\"elementor-heading-title elementor-size-default\">Tranquilidad<\/h2>\t\t<\/div>\n\t\t\t\t<\/div>\n\t\t\t\t<div class=\"elementor-element elementor-element-ccbd346 elementor-widget elementor-widget-text-editor\" data-id=\"ccbd346\" data-element_type=\"widget\" data-widget_type=\"text-editor.default\">\n\t\t\t\t<div class=\"elementor-widget-container\">\n\t\t\t\t\t\t\t\t<div class=\"elementor-text-editor elementor-clearfix\">\n\t\t\t\t\t<p>Instalaciones \u00abllave en mano\u00bb. Nos ocupamos de todo lo necesario desde el asesoramiento y estudio t\u00e9cnico, la instalaci\u00f3n y la tramitaci\u00f3n de la documentaci\u00f3n necesaria para que usted no tenga que preocuparse de nada.\u00a0<\/p>\t\t\t\t\t<\/div>\n\t\t\t\t\t\t<\/div>\n\t\t\t\t<\/div>\n\t\t\t\t\t\t<\/div>\n\t\t\t\t\t<\/div>\n\t\t<\/div>\n\t\t\t\t<div class=\"elementor-column elementor-col-33 elementor-top-column elementor-element elementor-element-6b0d72f\" data-id=\"6b0d72f\" data-element_type=\"column\">\n\t\t\t<div class=\"elementor-column-wrap elementor-element-populated\">\n\t\t\t\t\t\t\t<div class=\"elementor-widget-wrap\">\n\t\t\t\t\t\t<div class=\"elementor-element elementor-element-30cd69e elementor-widget elementor-widget-heading\" data-id=\"30cd69e\" data-element_type=\"widget\" data-widget_type=\"heading.default\">\n\t\t\t\t<div class=\"elementor-widget-container\">\n\t\t\t<h2 class=\"elementor-heading-title elementor-size-default\">Garant\u00eda<\/h2>\t\t<\/div>\n\t\t\t\t<\/div>\n\t\t\t\t<div class=\"elementor-element elementor-element-b4beef4 elementor-widget elementor-widget-text-editor\" data-id=\"b4beef4\" data-element_type=\"widget\" data-widget_type=\"text-editor.default\">\n\t\t\t\t<div class=\"elementor-widget-container\">\n\t\t\t\t\t\t\t\t<div class=\"elementor-text-editor elementor-clearfix\">\n\t\t\t\t\t<p>Nuestra amplia experiencia en el sector nos permite garantizar tanto el funcionamiento de nuestras instalaciones fotovoltaicas como la durabilidad de las mismas. Todos los materiales empleados cuentan con las certificaciones m\u00e1s estrictas de calidad.<\/p>\t\t\t\t\t<\/div>\n\t\t\t\t\t\t<\/div>\n\t\t\t\t<\/div>\n\t\t\t\t\t\t<\/div>\n\t\t\t\t\t<\/div>\n\t\t<\/div>\n\t\t\t\t\t\t\t\t<\/div>\n\t\t\t\t\t<\/div>\n\t\t<\/section>\n\t\t\t\t\t\t<\/div>\n\t\t\t\t\t\t<\/div>\n\t\t\t\t\t<\/div>\n\t\t","protected":false},"excerpt":{"rendered":"<p>Sobre nosotros Fundados en 1997 TODOAGRICOLA es el portal de Internet de Agroqu\u00edmicos Borrego S.L., empresa con m\u00e1s de 20 a\u00f1os de historia y dilatada experiencia en los campos de energ\u00edas renovables orientada tanto al sector agr\u00edcola para instalaciones de riego y bombeo solar, como para clientes particulares y su aplicaci\u00f3n a viviendas, edificios, naves &hellip;<\/p>\n<p class=\"read-more\"> <a class=\"\" href=\"https:\/\/todoagricola.es\/blog\/nosotros\/\"> <span class=\"screen-reader-text\">Nosotros<\/span> Leer m\u00e1s &raquo;<\/a><\/p>\n","protected":false},"author":1,"featured_media":0,"parent":0,"menu_order":0,"comment_status":"closed","ping_status":"closed","template":"","meta":{"site-sidebar-layout":"no-sidebar","site-content-layout":"page-builder","ast-global-header-display":"","ast-main-header-display":"","ast-hfb-above-header-display":"","ast-hfb-below-header-display":"","ast-hfb-mobile-header-display":"","site-post-title":"disabled","ast-breadcrumbs-content":"","ast-featured-img":"","footer-sml-layout":"","theme-transparent-header-meta":"enabled","adv-header-id-meta":"","stick-header-meta":"","header-above-stick-meta":"","header-main-stick-meta":"","header-below-stick-meta":"","_joinchat":[]},"yoast_head":"<!-- This site is optimized with the Yoast SEO plugin v19.14 - https:\/\/yoast.com\/wordpress\/plugins\/seo\/ -->\n<title>Nosotros - TODOAGRICOLA Blog<\/title>\n<meta name=\"robots\" content=\"index, follow, max-snippet:-1, max-image-preview:large, max-video-preview:-1\" \/>\n<link rel=\"canonical\" href=\"https:\/\/todoagricola.es\/blog\/nosotros\/\" \/>\n<meta property=\"og:locale\" content=\"es_ES\" \/>\n<meta property=\"og:type\" content=\"article\" \/>\n<meta property=\"og:title\" content=\"Nosotros - TODOAGRICOLA Blog\" \/>\n<meta property=\"og:description\" content=\"Sobre nosotros Fundados en 1997 TODOAGRICOLA es el portal de Internet de Agroqu\u00edmicos Borrego S.L., empresa con m\u00e1s de 20 a\u00f1os de historia y dilatada experiencia en los campos de energ\u00edas renovables orientada tanto al sector agr\u00edcola para instalaciones de riego y bombeo solar, como para clientes particulares y su aplicaci\u00f3n a viviendas, edificios, naves &hellip; Nosotros Leer m\u00e1s &raquo;\" \/>\n<meta property=\"og:url\" content=\"https:\/\/todoagricola.es\/blog\/nosotros\/\" \/>\n<meta property=\"og:site_name\" content=\"TODOAGRICOLA Blog\" \/>\n<meta property=\"article:publisher\" content=\"https:\/\/www.facebook.com\/borregoagroquimicos\" \/>\n<meta property=\"article:modified_time\" content=\"2021-05-06T00:31:04+00:00\" \/>\n<meta property=\"og:image\" content=\"https:\/\/todoagricola.es\/blog\/wp-content\/uploads\/2021\/02\/instalaciones-todoagricola.jpg\" \/>\n<meta name=\"twitter:card\" content=\"summary_large_image\" \/>\n<script type=\"application\/ld+json\" class=\"yoast-schema-graph\">{\"@context\":\"https:\/\/schema.org\",\"@graph\":[{\"@type\":\"WebPage\",\"@id\":\"https:\/\/todoagricola.es\/blog\/nosotros\/\",\"url\":\"https:\/\/todoagricola.es\/blog\/nosotros\/\",\"name\":\"Nosotros - TODOAGRICOLA Blog\",\"isPartOf\":{\"@id\":\"https:\/\/todoagricola.es\/blog\/#website\"},\"datePublished\":\"2020-04-13T11:18:52+00:00\",\"dateModified\":\"2021-05-06T00:31:04+00:00\",\"breadcrumb\":{\"@id\":\"https:\/\/todoagricola.es\/blog\/nosotros\/#breadcrumb\"},\"inLanguage\":\"es\",\"potentialAction\":[{\"@type\":\"ReadAction\",\"target\":[\"https:\/\/todoagricola.es\/blog\/nosotros\/\"]}]},{\"@type\":\"BreadcrumbList\",\"@id\":\"https:\/\/todoagricola.es\/blog\/nosotros\/#breadcrumb\",\"itemListElement\":[{\"@type\":\"ListItem\",\"position\":1,\"name\":\"Portada\",\"item\":\"https:\/\/todoagricola.es\/blog\/\"},{\"@type\":\"ListItem\",\"position\":2,\"name\":\"Nosotros\"}]},{\"@type\":\"WebSite\",\"@id\":\"https:\/\/todoagricola.es\/blog\/#website\",\"url\":\"https:\/\/todoagricola.es\/blog\/\",\"name\":\"Blog TodoAgricola\",\"description\":\"Toda la actualidad sobre agricultura, tratamientos, energ\u00edas renovables y productos\",\"publisher\":{\"@id\":\"https:\/\/todoagricola.es\/blog\/#organization\"},\"potentialAction\":[{\"@type\":\"SearchAction\",\"target\":{\"@type\":\"EntryPoint\",\"urlTemplate\":\"https:\/\/todoagricola.es\/blog\/?s={search_term_string}\"},\"query-input\":\"required name=search_term_string\"}],\"inLanguage\":\"es\"},{\"@type\":\"Organization\",\"@id\":\"https:\/\/todoagricola.es\/blog\/#organization\",\"name\":\"TODOAGRICOLA\",\"url\":\"https:\/\/todoagricola.es\/blog\/\",\"logo\":{\"@type\":\"ImageObject\",\"inLanguage\":\"es\",\"@id\":\"https:\/\/todoagricola.es\/blog\/#\/schema\/logo\/image\/\",\"url\":\"https:\/\/todoagricola.es\/blog\/wp-content\/uploads\/2020\/12\/todo-agricola-logo-1598998289.png\",\"contentUrl\":\"https:\/\/todoagricola.es\/blog\/wp-content\/uploads\/2020\/12\/todo-agricola-logo-1598998289.png\",\"width\":500,\"height\":100,\"caption\":\"TODOAGRICOLA\"},\"image\":{\"@id\":\"https:\/\/todoagricola.es\/blog\/#\/schema\/logo\/image\/\"},\"sameAs\":[\"https:\/\/www.instagram.com\/todoagricola.es\/\",\"https:\/\/es.linkedin.com\/company\/todoagricola\",\"https:\/\/www.youtube.com\/channel\/UCX5o2b-lrCxRt__X8t84lZA\",\"https:\/\/www.facebook.com\/borregoagroquimicos\"]}]}<\/script>\n<!-- \/ Yoast SEO plugin. -->","yoast_head_json":{"title":"Nosotros - TODOAGRICOLA Blog","robots":{"index":"index","follow":"follow","max-snippet":"max-snippet:-1","max-image-preview":"max-image-preview:large","max-video-preview":"max-video-preview:-1"},"canonical":"https:\/\/todoagricola.es\/blog\/nosotros\/","og_locale":"es_ES","og_type":"article","og_title":"Nosotros - TODOAGRICOLA Blog","og_description":"Sobre nosotros Fundados en 1997 TODOAGRICOLA es el portal de Internet de Agroqu\u00edmicos Borrego S.L., empresa con m\u00e1s de 20 a\u00f1os de historia y dilatada experiencia en los campos de energ\u00edas renovables orientada tanto al sector agr\u00edcola para instalaciones de riego y bombeo solar, como para clientes particulares y su aplicaci\u00f3n a viviendas, edificios, naves &hellip; Nosotros Leer m\u00e1s &raquo;","og_url":"https:\/\/todoagricola.es\/blog\/nosotros\/","og_site_name":"TODOAGRICOLA Blog","article_publisher":"https:\/\/www.facebook.com\/borregoagroquimicos","article_modified_time":"2021-05-06T00:31:04+00:00","og_image":[{"url":"https:\/\/todoagricola.es\/blog\/wp-content\/uploads\/2021\/02\/instalaciones-todoagricola.jpg"}],"twitter_card":"summary_large_image","schema":{"@context":"https:\/\/schema.org","@graph":[{"@type":"WebPage","@id":"https:\/\/todoagricola.es\/blog\/nosotros\/","url":"https:\/\/todoagricola.es\/blog\/nosotros\/","name":"Nosotros - TODOAGRICOLA Blog","isPartOf":{"@id":"https:\/\/todoagricola.es\/blog\/#website"},"datePublished":"2020-04-13T11:18:52+00:00","dateModified":"2021-05-06T00:31:04+00:00","breadcrumb":{"@id":"https:\/\/todoagricola.es\/blog\/nosotros\/#breadcrumb"},"inLanguage":"es","potentialAction":[{"@type":"ReadAction","target":["https:\/\/todoagricola.es\/blog\/nosotros\/"]}]},{"@type":"BreadcrumbList","@id":"https:\/\/todoagricola.es\/blog\/nosotros\/#breadcrumb","itemListElement":[{"@type":"ListItem","position":1,"name":"Portada","item":"https:\/\/todoagricola.es\/blog\/"},{"@type":"ListItem","position":2,"name":"Nosotros"}]},{"@type":"WebSite","@id":"https:\/\/todoagricola.es\/blog\/#website","url":"https:\/\/todoagricola.es\/blog\/","name":"Blog TodoAgricola","description":"Toda la actualidad sobre agricultura, tratamientos, energ\u00edas renovables y productos","publisher":{"@id":"https:\/\/todoagricola.es\/blog\/#organization"},"potentialAction":[{"@type":"SearchAction","target":{"@type":"EntryPoint","urlTemplate":"https:\/\/todoagricola.es\/blog\/?s={search_term_string}"},"query-input":"required name=search_term_string"}],"inLanguage":"es"},{"@type":"Organization","@id":"https:\/\/todoagricola.es\/blog\/#organization","name":"TODOAGRICOLA","url":"https:\/\/todoagricola.es\/blog\/","logo":{"@type":"ImageObject","inLanguage":"es","@id":"https:\/\/todoagricola.es\/blog\/#\/schema\/logo\/image\/","url":"https:\/\/todoagricola.es\/blog\/wp-content\/uploads\/2020\/12\/todo-agricola-logo-1598998289.png","contentUrl":"https:\/\/todoagricola.es\/blog\/wp-content\/uploads\/2020\/12\/todo-agricola-logo-1598998289.png","width":500,"height":100,"caption":"TODOAGRICOLA"},"image":{"@id":"https:\/\/todoagricola.es\/blog\/#\/schema\/logo\/image\/"},"sameAs":["https:\/\/www.instagram.com\/todoagricola.es\/","https:\/\/es.linkedin.com\/company\/todoagricola","https:\/\/www.youtube.com\/channel\/UCX5o2b-lrCxRt__X8t84lZA","https:\/\/www.facebook.com\/borregoagroquimicos"]}]}},"_links":{"self":[{"href":"https:\/\/todoagricola.es\/blog\/wp-json\/wp\/v2\/pages\/31"}],"collection":[{"href":"https:\/\/todoagricola.es\/blog\/wp-json\/wp\/v2\/pages"}],"about":[{"href":"https:\/\/todoagricola.es\/blog\/wp-json\/wp\/v2\/types\/page"}],"author":[{"embeddable":true,"href":"https:\/\/todoagricola.es\/blog\/wp-json\/wp\/v2\/users\/1"}],"replies":[{"embeddable":true,"href":"https:\/\/todoagricola.es\/blog\/wp-json\/wp\/v2\/comments?post=31"}],"version-history":[{"count":12,"href":"https:\/\/todoagricola.es\/blog\/wp-json\/wp\/v2\/pages\/31\/revisions"}],"predecessor-version":[{"id":941,"href":"https:\/\/todoagricola.es\/blog\/wp-json\/wp\/v2\/pages\/31\/revisions\/941"}],"wp:attachment":[{"href":"https:\/\/todoagricola.es\/blog\/wp-json\/wp\/v2\/media?parent=31"}],"curies":[{"name":"wp","href":"https:\/\/api.w.org\/{rel}","templated":true}]}}